{"id":11875,"date":"2017-01-19T11:54:20","date_gmt":"2017-01-19T10:54:20","guid":{"rendered":"http:\/\/planinstvo.majsperk.si\/?page_id=11875"},"modified":"2026-03-09T19:58:09","modified_gmt":"2026-03-09T18:58:09","slug":"program-akcij-2017","status":"publish","type":"page","link":"https:\/\/planinstvo.majsperk.si\/?page_id=11875","title":{"rendered":"Program akcij 2026"},"content":{"rendered":"<h5>&nbsp;<\/h5>\n<h5><span style=\"color: #ff0000;\">MAREC<\/span><\/h5>\n<ul>\n<li>\n<h5><span style=\"color: #000000;\">21.03 &#8211; Anski vrh &#8211; Mestni gozd Celje &#8211; O\u0160 &#8211; Miran<\/span><\/h5>\n<\/li>\n<li>\n<h5><span style=\"color: #000000;\">28.03. &#8211; Rudnica \/ Pod\u010detrtek &#8211; Marjan<\/span><\/h5>\n<\/li>\n<\/ul>\n<h5><span style=\"color: #ff0000;\">APRIL<\/span><\/h5>\n<ul>\n<li>\n<h5><span style=\"color: #000000;\">02.04. &#8211; Lunin pohod &#8211; Marjan<\/span><\/h5>\n<\/li>\n<li>\n<h5><span style=\"color: #000000;\">06.04. &#8211; Velikono\u010dni&nbsp; pohod &#8211; Jama Beloja\u010da\/\u0161oder graben &#8211; Miran<\/span><\/h5>\n<\/li>\n<li>\n<h5><span style=\"color: #000000;\">18.04 &#8211; Golte &#8211; Franc<\/span><\/h5>\n<\/li>\n<\/ul>\n<h5><span style=\"color: #ff0000;\">MAJ<\/span><\/h5>\n<ul>\n<li>\n<h5><span style=\"color: #000000;\">01.05. &#8211; 03.05. &#8211; Prvomajski izlet \/ Pula &#8211; Brijoni &#8211; Marjan<\/span><\/h5>\n<\/li>\n<li>\n<h5><span style=\"color: #000000;\">16.05. &#8211; Pe\u010d &#8211; Tromeja &#8211; Miran<\/span><\/h5>\n<\/li>\n<li>\n<h5><span style=\"color: #000000;\">31.05 &#8211; Lunin pohod &#8211; Miran<\/span><\/h5>\n<\/li>\n<\/ul>\n<h5><span style=\"color: #ff0000;\">JUNIJ<\/span><\/h5>\n<ul>\n<li>\n<h5><span style=\"color: #000000;\">06.06 &#8211; Ro\u017eca \/ Hru\u0161ki vrh &#8211; Tadej<\/span><\/h5>\n<\/li>\n<li>\n<h5><span style=\"color: #000000;\">20.06. &#8211; Sv. Kri\u017e &#8211; Bele vode &#8211; Janez<\/span><\/h5>\n<\/li>\n<li>\n<h5><span style=\"color: #000000;\">30.06 &#8211; Lunin pohod &#8211; Gregor<\/span><\/h5>\n<\/li>\n<\/ul>\n<h5><span style=\"color: #ff0000;\">JULIJ<\/span><\/h5>\n<ul>\n<li>\n<h5><span style=\"color: #000000;\">04.07 &#8211; B\u00e4rensch\u00fctzklamm &#8211; Gregor<\/span><\/h5>\n<\/li>\n<li>\n<h5><span style=\"color: #000000;\">18.07. &#8211; Peca \/ Raduha &#8211; Miran<\/span><\/h5>\n<\/li>\n<li>\n<h5><span style=\"color: #000000;\">29.07 &#8211; Lunin pohod &#8211; Janez<\/span><\/h5>\n<\/li>\n<\/ul>\n<h5><span style=\"color: #ff0000;\">AVGUST<\/span><\/h5>\n<ul>\n<li>\n<h5><span style=\"color: #000000;\">08.08 &#8211; \u0160marna gora &#8211; Janez<\/span><\/h5>\n<\/li>\n<li>\n<h5><span style=\"color: #000000;\">23.08. &#8211; Pohod po ob\u010dini pe\u0161 &#8211; vodniki<\/span><\/h5>\n<\/li>\n<li>\n<h5><span style=\"color: #000000;\">28.08 &#8211; Lunin pohod &#8211; Tadej<\/span><\/h5>\n<\/li>\n<\/ul>\n<h5><span style=\"color: #ff0000;\">SEPTEMBER<\/span><\/h5>\n<ul>\n<li>\n<h5><span style=\"color: #000000;\">05.09 &#8211; Rifnik O\u0160 &#8211; Miran<\/span><\/h5>\n<\/li>\n<li>\n<h5><span style=\"color: #000000;\">05.09. &#8211; Na Pohorje &#8211; Gregor<\/span><\/h5>\n<\/li>\n<li>\n<h5><span style=\"color: #000000;\">27.09. &#8211; Dobr\u010da &#8211; Tadej<\/span><\/h5>\n<\/li>\n<li>\n<h5><span style=\"color: #000000;\">28.09. &#8211; Lunin pohod &#8211; Miran<\/span><\/h5>\n<\/li>\n<\/ul>\n<h5><span style=\"color: #ff0000;\">OKTOBER<\/span><\/h5>\n<ul>\n<li>\n<h5><span style=\"color: #000000;\">03.10. &#8211; Gorjanci \/ Tamar O\u0160 &#8211; Miran<\/span><\/h5>\n<\/li>\n<li>\n<h5><span style=\"color: #000000;\">12.10. &#8211; Kostanjev piknik &#8211; UO<\/span><\/h5>\n<\/li>\n<li>\n<h5><span style=\"color: #000000;\">18.10. &#8211; \u0160marjetna gora \/ Jo\u0161t &#8211; Marjan<\/span><\/h5>\n<\/li>\n<li>\n<h5><span style=\"color: #000000;\">26.10. &#8211; Lunin pohod &#8211; Gregor<\/span><\/h5>\n<\/li>\n<\/ul>\n<h5><span style=\"color: #ff0000;\">NOVEMBER<\/span><\/h5>\n<ul>\n<li>\n<h5><span style=\"color: #000000;\">05.11. &#8211; Pohod z lu\u010dkami O\u0160 &#8211; Miran<\/span><\/h5>\n<\/li>\n<li>\n<h5><span style=\"color: #000000;\">14.11. &#8211; Martinov izlet &#8211; Miran<\/span><\/h5>\n<\/li>\n<li>\n<h5><span style=\"color: #000000;\">24.11. &#8211; Lunin pohod- Franc<\/span><\/h5>\n<\/li>\n<\/ul>\n<h5><span style=\"color: #ff0000;\">DECEMBER<\/span><\/h5>\n<ul>\n<li>\n<h5><span style=\"color: #000000;\">12.12. &#8211; V neznano &#8211; Janez<\/span><\/h5>\n<\/li>\n<li>\n<h5><span style=\"color: #000000;\">19.12. &#8211; Lunin pohod &#8211; Marjan&nbsp;<\/span><\/h5>\n<\/li>\n<li>\n<h5><span style=\"color: #000000;\">26.12. &#8211; Pohod ob prazniku 26.12. na Dona\u010dko goro* &#8211; Marjan<\/span><\/h5>\n<\/li>\n<\/ul>\n<h5><span style=\"color: #000000;\"><span style=\"vertical-align: inherit;\"><span style=\"vertical-align: inherit;\"><span style=\"vertical-align: inherit;\"><span style=\"vertical-align: inherit;\"><span style=\"vertical-align: inherit;\"><span style=\"vertical-align: inherit;\">* &#8211; zahtevna tura<\/span><\/span><\/span><\/span><\/span><\/span><\/span><\/h5>\n<h5><span style=\"color: #000000;\"><span style=\"vertical-align: inherit;\"><span style=\"vertical-align: inherit;\"><span style=\"vertical-align: inherit;\"><span style=\"vertical-align: inherit;\"><span style=\"vertical-align: inherit;\"><span style=\"vertical-align: inherit;\">** &#8211; zelo zahteva tura<\/span><\/span><\/span><\/span><\/span><\/span><\/span><\/h5>\n\n\n<p><\/p>\n","protected":false},"excerpt":{"rendered":"<p>&nbsp; MAREC 21.03 &#8211; Anski vrh &#8211; Mestni gozd Celje &#8211; O\u0160 &#8211; Miran 28.03. &#8211; Rudnica \/ Pod\u010detrtek &#8211; Marjan APRIL 02.04. &#8211; Lunin pohod &#8211; Marjan 06.04. &#8211; Velikono\u010dni&nbsp; pohod &#8211; Jama Beloja\u010da\/\u0161oder graben &#8211; Miran 18.04 &#8211; Golte &#8211; Franc MAJ 01.05. &#8211; 03.05. &#8211; Prvomajski izlet \/ Pula &#8211; Brijoni &#8211; Marjan 16.05. &#8211; Pe\u010d &#8211; Tromeja &#8211; Miran 31.05 &#8211; Lunin pohod &#8211; Miran JUNIJ 06.06 &#8211; Ro\u017eca \/ Hru\u0161ki vrh &#8211; Tadej 20.06. &#8211; Sv. Kri\u017e &#8211; Bele vode &#8211; Janez 30.06 &#8211; Lunin pohod &#8211; Gregor JULIJ 04.07 &#8211; B\u00e4rensch\u00fctzklamm &#8211; Gregor 18.07. &#8211; Peca \/ Raduha &#8211; Miran 29.07 &#8211; Lunin pohod &#8211; Janez AVGUST 08.08 &#8211; \u0160marna gora &#8211; Janez 23.08. &#8211; Pohod po ob\u010dini pe\u0161 &#8211; vodniki 28.08 &#8211; Lunin pohod &#8211; Tadej SEPTEMBER 05.09 &#8211; Rifnik O\u0160 &#8211; Miran 05.09. &#8211; Na Pohorje &#8211; Gregor 27.09. &#8211; Dobr\u010da &#8211; Tadej 28.09. &#8211; Lunin pohod &#8211; Miran OKTOBER 03.10. &#8211; Gorjanci \/ Tamar O\u0160 &#8211; Miran 12.10. &#8211; Kostanjev piknik &#8211; UO 18.10. &#8211; \u0160marjetna gora \/ Jo\u0161t &#8211; Marjan 26.10. &#8211; Lunin pohod &#8211; Gregor NOVEMBER 05.11. &#8211; Pohod z lu\u010dkami O\u0160 &#8211; Miran 14.11. &#8211; Martinov izlet &#8211; Miran 24.11. &#8211; Lunin pohod- Franc DECEMBER 12.12. &#8211; V neznano &#8211; Janez 19.12. &#8211; Lunin pohod &#8211; Marjan&nbsp; 26.12. &#8211; Pohod ob prazniku 26.12. na Dona\u010dko goro* &#8211; Marjan * &#8211; zahtevna tura ** &#8211; zelo zahteva tura<\/p>\n","protected":false},"author":1,"featured_media":0,"parent":0,"menu_order":0,"comment_status":"closed","ping_status":"closed","template":"","meta":{"ngg_post_thumbnail":0},"_links":{"self":[{"href":"https:\/\/planinstvo.majsperk.si\/index.php?rest_route=\/wp\/v2\/pages\/11875"}],"collection":[{"href":"https:\/\/planinstvo.majsperk.si\/index.php?rest_route=\/wp\/v2\/pages"}],"about":[{"href":"https:\/\/planinstvo.majsperk.si\/index.php?rest_route=\/wp\/v2\/types\/page"}],"author":[{"embeddable":true,"href":"https:\/\/planinstvo.majsperk.si\/index.php?rest_route=\/wp\/v2\/users\/1"}],"replies":[{"embeddable":true,"href":"https:\/\/planinstvo.majsperk.si\/index.php?rest_route=%2Fwp%2Fv2%2Fcomments&post=11875"}],"version-history":[{"count":231,"href":"https:\/\/planinstvo.majsperk.si\/index.php?rest_route=\/wp\/v2\/pages\/11875\/revisions"}],"predecessor-version":[{"id":159049,"href":"https:\/\/planinstvo.majsperk.si\/index.php?rest_route=\/wp\/v2\/pages\/11875\/revisions\/159049"}],"wp:attachment":[{"href":"https:\/\/planinstvo.majsperk.si\/index.php?rest_route=%2Fwp%2Fv2%2Fmedia&parent=11875"}],"curies":[{"name":"wp","href":"https:\/\/api.w.org\/{rel}","templated":true}]}}