{"id":22145,"date":"2019-08-17T19:31:45","date_gmt":"2019-08-17T17:31:45","guid":{"rendered":"http:\/\/planinstvo.majsperk.si\/?page_id=22145"},"modified":"2024-01-22T22:42:33","modified_gmt":"2024-01-22T21:42:33","slug":"vodniki","status":"publish","type":"page","link":"https:\/\/planinstvo.majsperk.si\/?page_id=22145","title":{"rendered":"Vodniki"},"content":{"rendered":"\n<p class=\"has-headings-color has-text-color\" style=\"font-size:18px\"><strong><span class=\"has-inline-color has-headings-color\">Planinc Marjan &#8211; 051 421 323<\/span><\/strong><\/p>\n\n\n\n<p class=\"has-headings-color has-text-color\" style=\"font-size:18px\"><p class=\"has-headings-color has-text-color\" style=\"font-size:18px\"><\/p><p class=\"has-headings-color has-text-color\" style=\"font-size:18px\"><\/p><p class=\"has-headings-color has-text-color\" style=\"font-size:18px\"><\/p><p class=\"has-headings-color has-text-color\" style=\"font-size:18px\"><\/p><p class=\"has-headings-color has-text-color\" style=\"font-size:18px\"><\/p><p class=\"has-text-color\" style=\"font-size:18px;color:#ecec69\"><\/p><p class=\"has-text-color\" style=\"font-size:18px;color:#ecec69\"><strong><span style=\"color:#040605\" class=\"has-inline-color\"><a href=\"mailto:marjan70@gmail.com\">marjan70@gmail.com<\/a><\/span><\/strong><\/p><\/p>\n\n\n<div class=\"wp-block-image is-style-default\">\n<figure class=\"alignright is-resized\"><img decoding=\"async\" loading=\"lazy\" src=\"https:\/\/planinstvo.majsperk.si\/wp-content\/uploads\/2014\/01\/21_PZS_SPD_VODNIK_-822x1024.jpg\" alt=\"\" class=\"wp-image-58\" width=\"311\" height=\"387\" srcset=\"https:\/\/planinstvo.majsperk.si\/wp-content\/uploads\/2014\/01\/21_PZS_SPD_VODNIK_-822x1024.jpg 822w, https:\/\/planinstvo.majsperk.si\/wp-content\/uploads\/2014\/01\/21_PZS_SPD_VODNIK_-241x300.jpg 241w, https:\/\/planinstvo.majsperk.si\/wp-content\/uploads\/2014\/01\/21_PZS_SPD_VODNIK_-624x776.jpg 624w, https:\/\/planinstvo.majsperk.si\/wp-content\/uploads\/2014\/01\/21_PZS_SPD_VODNIK_.jpg 1594w\" sizes=\"(max-width: 311px) 100vw, 311px\" \/><\/figure><\/div>\n\n\n<p class=\"has-text-color\" style=\"color:#ecec69;font-size:18px\"><strong><span style=\"color:#030605\" class=\"has-inline-color\">Miran Smolej &#8211; 068 685 388<\/span><\/strong><\/p>\n\n\n\n<p class=\"has-text-color\" style=\"color:#ecec69;font-size:18px\"><strong><span style=\"color:#0b0b09\" class=\"has-inline-color\"><a href=\"mailto:miran.smolej@gmail.com\">miran.smolej@gmail.com<\/a><\/span><\/strong><\/p>\n\n\n\n<p class=\"has-text-color\" style=\"color:#ecec69;font-size:18px\"><strong><span style=\"color:#090907\" class=\"has-inline-color\">Janez Karne\u017ea &#8211; 031 751 002<\/span><\/strong><\/p>\n\n\n\n<p class=\"has-text-color\" style=\"color:#ecec69;font-size:18px\"><strong><mark style=\"background-color:rgba(0, 0, 0, 0);color:#030303\" class=\"has-inline-color\"><a href=\"mailto:janez.karneza@siol.net\">janez.k2014@gmail.com<\/a><\/mark><\/strong><\/p>\n\n\n\n<p class=\"has-text-color\" style=\"color:#ecec69;font-size:18px\"><strong><span style=\"color:#030303\" class=\"has-inline-color\">Franc Ke\u0161pert &#8211; 041 525 976<\/span><\/strong><\/p>\n\n\n\n<p class=\"has-text-color\" style=\"color:#ecec69;font-size:18px\"><strong><span style=\"color:#030303\" class=\"has-inline-color\"><a href=\"mailto:franc.kespert@ario.net\">franc.kespert@ario.net<\/a><\/span><\/strong><\/p>\n\n\n\n<p class=\"has-headings-color has-text-color\" style=\"font-size:18px\"><strong><mark style=\"background-color:rgba(0, 0, 0, 0);color:#050504\" class=\"has-inline-color\">\u017dan Krebs &#8211; 031 718 766<\/mark><\/strong><\/p>\n\n\n\n<p class=\"has-text-color\" style=\"color:#ecec69;font-size:18px\"><strong><span style=\"color:#020303\" class=\"has-inline-color\"><a href=\"mailto:zan.krebs@gmail.com\">zan.krebs@gmail.com<\/a><\/span><\/strong><\/p>\n\n\n\n<p class=\"has-text-color\" style=\"color:#ecec69;font-size:18px\"><strong><span style=\"color:#070707\" class=\"has-inline-color\">Gregor Jeger &#8211; 031 760 602<\/span><\/strong><\/p>\n\n\n\n<p class=\"has-headings-color has-text-color\" style=\"font-size:18px\"><strong><span class=\"has-inline-color has-headings-color\"><a href=\"mailto:gregor.jeger@gmail.com\">gregor.jeger@gmail.com<\/a><\/span><\/strong><\/p>\n","protected":false},"excerpt":{"rendered":"<p>Planinc Marjan &#8211; 051 421 323 marjan70@gmail.com Miran Smolej &#8211; 068 685 388 miran.smolej@gmail.com Janez Karne\u017ea &#8211; 031 751 002 janez.k2014@gmail.com Franc Ke\u0161pert &#8211; 041 525 976 franc.kespert@ario.net \u017dan Krebs &#8211; 031 718 766 zan.krebs@gmail.com Gregor Jeger &#8211; 031 760 602 gregor.jeger@gmail.com<\/p>\n","protected":false},"author":1,"featured_media":0,"parent":0,"menu_order":0,"comment_status":"closed","ping_status":"closed","template":"","meta":{"ngg_post_thumbnail":0},"_links":{"self":[{"href":"https:\/\/planinstvo.majsperk.si\/index.php?rest_route=\/wp\/v2\/pages\/22145"}],"collection":[{"href":"https:\/\/planinstvo.majsperk.si\/index.php?rest_route=\/wp\/v2\/pages"}],"about":[{"href":"https:\/\/planinstvo.majsperk.si\/index.php?rest_route=\/wp\/v2\/types\/page"}],"author":[{"embeddable":true,"href":"https:\/\/planinstvo.majsperk.si\/index.php?rest_route=\/wp\/v2\/users\/1"}],"replies":[{"embeddable":true,"href":"https:\/\/planinstvo.majsperk.si\/index.php?rest_route=%2Fwp%2Fv2%2Fcomments&post=22145"}],"version-history":[{"count":32,"href":"https:\/\/planinstvo.majsperk.si\/index.php?rest_route=\/wp\/v2\/pages\/22145\/revisions"}],"predecessor-version":[{"id":155406,"href":"https:\/\/planinstvo.majsperk.si\/index.php?rest_route=\/wp\/v2\/pages\/22145\/revisions\/155406"}],"wp:attachment":[{"href":"https:\/\/planinstvo.majsperk.si\/index.php?rest_route=%2Fwp%2Fv2%2Fmedia&parent=22145"}],"curies":[{"name":"wp","href":"https:\/\/api.w.org\/{rel}","templated":true}]}}