{"id":22155,"date":"2019-08-17T20:02:17","date_gmt":"2019-08-17T18:02:17","guid":{"rendered":"http:\/\/planinstvo.majsperk.si\/?page_id=22155"},"modified":"2024-01-22T22:34:08","modified_gmt":"2024-01-22T21:34:08","slug":"markacisti","status":"publish","type":"page","link":"https:\/\/planinstvo.majsperk.si\/?page_id=22155","title":{"rendered":"Markacisti"},"content":{"rendered":"\n<p class=\"has-text-color\" style=\"color:#ecec69;font-size:19px\"><strong><span style=\"color:#040404\" class=\"has-inline-color\">Darinka Poto\u010dnik <\/span><\/strong><\/p>\n\n\n<div class=\"wp-block-image\">\n<figure class=\"alignright size-full is-resized\"><img decoding=\"async\" loading=\"lazy\" src=\"https:\/\/planinstvo.majsperk.si\/wp-content\/uploads\/2021\/09\/kpp_pzs-samo_markacist_znak_v.jpg\" alt=\"\" class=\"wp-image-31042\" width=\"381\" height=\"297\"\/><\/figure><\/div>\n\n\n<p class=\"has-black-color has-text-color\" style=\"font-size:19px\"><strong><span style=\"color:#080909\" class=\"has-inline-color\"><a href=\"mailto:darinka.potocnik@amis.net\">darinka.potocnik@amis.net<\/a> <\/span><\/strong><\/p>\n\n\n\n<p class=\"has-text-color\" style=\"color:#ecec69;font-size:19px\"><strong><mark style=\"background-color:rgba(0, 0, 0, 0);color:#070707\" class=\"has-inline-color\">Ivan Lampret<\/mark><\/strong><\/p>\n\n\n\n<p class=\"has-vivid-cyan-blue-color has-white-background-color has-text-color has-background\" style=\"font-size:19px\"><a href=\"mailto:janez.ivan45@gmail.com\"><strong><mark style=\"background-color:rgba(0, 0, 0, 0);color:#040404\" class=\"has-inline-color\">janez.ivan45@gmail.com<\/mark><\/strong><\/a> <\/p>\n\n\n\n<p class=\"has-vivid-cyan-blue-color has-text-color\" style=\"font-size:19px\"><strong><span style=\"color:#0b0b0a\" class=\"has-inline-color\">Jo\u017ee \u0160erbak <\/span><\/strong><\/p>\n\n\n\n<p class=\"has-vivid-cyan-blue-color has-text-color\" style=\"font-size:19px\"><a href=\"mailto:joze.serbak@gmail.com\"><strong><span style=\"color:#000000\" class=\"has-inline-color\">joze.serbak@gmail.com<\/span><\/strong><\/a><\/p>\n\n\n\n<p class=\"has-vivid-cyan-blue-color has-text-color\" style=\"font-size:19px\"><strong><span style=\"color:#040404\" class=\"has-inline-color\">Gregor Karne\u017ea<\/span><\/strong><\/p>\n\n\n\n<p class=\"has-vivid-cyan-blue-color has-text-color\" style=\"font-size:19px\"><a href=\"mailto:gregor.karneza@gmail.com\"><strong><span style=\"color:#080808\" class=\"has-inline-color\">gregor.karneza@gmail.com<\/span><\/strong><\/a><\/p>\n\n\n\n<p class=\"has-vivid-cyan-blue-color has-text-color\" style=\"font-size:19px\"><strong><span style=\"color:#080808\" class=\"has-inline-color\">Renata \u0160alamun<\/span><\/strong><\/p>\n\n\n\n<p class=\"has-vivid-cyan-blue-color has-text-color\" style=\"font-size:19px\"><a href=\"mailto:renata.renatapernat@gmail.com\"><strong><span style=\"color:#0a0a09\" class=\"has-inline-color\">renata.renatapernat@gmail.com<\/span><\/strong><\/a><\/p>\n\n\n\n<p class=\"has-vivid-cyan-blue-color has-text-color\" style=\"font-size:19px\"><strong><span style=\"color:#030303\" class=\"has-inline-color\">Drago Korez<\/span><\/strong><\/p>\n\n\n\n<p class=\"has-vivid-cyan-blue-color has-text-color\" style=\"font-size:19px\"><a href=\"mailto:korez.drago@gea.si\"><strong><span style=\"color:#050505\" class=\"has-inline-color\">korez.drago@gea.si<\/span><\/strong><\/a><\/p>\n\n\n\n<p class=\"has-vivid-cyan-blue-color has-text-color\" style=\"font-size:19px\"><strong><span style=\"color:#050505\" class=\"has-inline-color\">Zvonko Leskovar<\/span><\/strong><\/p>\n\n\n\n<p class=\"has-vivid-cyan-blue-color has-text-color\" style=\"font-size:19px\"><a href=\"mailto:danica.leskovar@gmail.com\"><strong><span style=\"color:#030303\" class=\"has-inline-color\">danica.leskovar@gmail.com<\/span><\/strong><\/a><\/p>\n\n\n\n<p class=\"has-vivid-cyan-blue-color has-text-color\" style=\"font-size:19px\"><strong><span style=\"color:#080808\" class=\"has-inline-color\">Franjo Vinkler<\/span><\/strong><\/p>\n\n\n\n<p class=\"has-vivid-cyan-blue-color has-text-color\" style=\"font-size:19px\"><a href=\"mailto:vinkler.majda@gmail.com\"><strong><span style=\"color:#000000\" class=\"has-inline-color\">vinkler.majda@gmail.com<\/span><\/strong><\/a><\/p>\n","protected":false},"excerpt":{"rendered":"<p>Darinka Poto\u010dnik darinka.potocnik@amis.net Ivan Lampret janez.ivan45@gmail.com Jo\u017ee \u0160erbak joze.serbak@gmail.com Gregor Karne\u017ea gregor.karneza@gmail.com Renata \u0160alamun renata.renatapernat@gmail.com Drago Korez korez.drago@gea.si Zvonko Leskovar danica.leskovar@gmail.com Franjo Vinkler vinkler.majda@gmail.com<\/p>\n","protected":false},"author":1,"featured_media":0,"parent":0,"menu_order":0,"comment_status":"closed","ping_status":"closed","template":"","meta":{"ngg_post_thumbnail":0},"_links":{"self":[{"href":"https:\/\/planinstvo.majsperk.si\/index.php?rest_route=\/wp\/v2\/pages\/22155"}],"collection":[{"href":"https:\/\/planinstvo.majsperk.si\/index.php?rest_route=\/wp\/v2\/pages"}],"about":[{"href":"https:\/\/planinstvo.majsperk.si\/index.php?rest_route=\/wp\/v2\/types\/page"}],"author":[{"embeddable":true,"href":"https:\/\/planinstvo.majsperk.si\/index.php?rest_route=\/wp\/v2\/users\/1"}],"replies":[{"embeddable":true,"href":"https:\/\/planinstvo.majsperk.si\/index.php?rest_route=%2Fwp%2Fv2%2Fcomments&post=22155"}],"version-history":[{"count":21,"href":"https:\/\/planinstvo.majsperk.si\/index.php?rest_route=\/wp\/v2\/pages\/22155\/revisions"}],"predecessor-version":[{"id":155405,"href":"https:\/\/planinstvo.majsperk.si\/index.php?rest_route=\/wp\/v2\/pages\/22155\/revisions\/155405"}],"wp:attachment":[{"href":"https:\/\/planinstvo.majsperk.si\/index.php?rest_route=%2Fwp%2Fv2%2Fmedia&parent=22155"}],"curies":[{"name":"wp","href":"https:\/\/api.w.org\/{rel}","templated":true}]}}