{"id":44,"date":"2014-01-26T16:33:51","date_gmt":"2014-01-26T15:33:51","guid":{"rendered":"http:\/\/planinstvo.majsperk.si\/?page_id=44"},"modified":"2021-09-18T10:12:08","modified_gmt":"2021-09-18T08:12:08","slug":"predstavitev","status":"publish","type":"page","link":"https:\/\/planinstvo.majsperk.si\/","title":{"rendered":"Predstavitev"},"content":{"rendered":"<h6><span style=\"color: #000000;\"><strong>Spo\u0161tovani obiskovalci na\u0161e spletne strani.<\/strong><\/span><\/h6>\n<h6><span style=\"color: #000000;\"><strong>V naslednjih vrsticah vam \u017eelimo na kratko predstaviti na\u0161e dru\u0161tvo.<\/strong><\/span><\/h6>\n<h6><span style=\"color: #000000;\"><strong>Prva desetletja delovanja so bila tesno povezana z tovarno, saj je bila ve\u010dina \u010dlanov v njej tudi zaposlena. Dru\u0161tvo je iz leta v leto pridobivalo nove \u010dlane in organiziralo ve\u010d zanimivih pohodov. Vseskozi je dru\u0161tvo delalo tudi z mladimi in organiziralo planinske \u0161ole. V sedemdesetih letih se je dru\u0161tvo odlo\u010dilo, da na jasi pod Dona\u010dko goro postavi manj\u0161e zaveti\u0161\u010de. <\/strong><\/span><\/h6>\n<h6><span style=\"color: #000000;\"><strong>Leseno zaveti\u0161\u010de je bilo zgrajeno v letu 1974, sama gradnja pa je v \u010dasih pomanjkanja materiala predstavljala poseben izziv. Material za ko\u010do so skoraj v celoti pridobili iz odpadne lesene embala\u017ee ve\u010djega tekstilnega stroja, ki ga je v tistem \u010dasu kupila tovarna. \u0160e ve\u010dji izziv pa je pomenil prenos materiala iz doline na jaso, saj v takratnem \u010dasu do gradbi\u0161\u010da ni bilo ceste, da bi lahko material prepeljali . Za zaveti\u0161\u010de skrbimo \u0161e danes, v zadnjih petih letih pa smo za zemlji\u0161\u010de uredili \u0161e lastni\u0161ko dokumentacijo in v okviru mo\u017enosti obnovili streho in leseni opa\u017e. Vseskozi tudi redno urejamo okolico zaveti\u0161\u010da in skrbimo za planinsko pot Stoperce \u2013 Rudijev dom.<\/strong><\/span><\/h6>\n<h6><span style=\"color: #000000;\"><strong>Dru\u0161tvo je v za\u010detku osemdesetih letih za potrebe varnega vodenja poslalo na izobra\u017eevanje prvi dve vodnici, v naslednjih desetletjih pa se je skrb za strokovne kadre nadaljevala. Dru\u0161tvo je v \u010dasu svojega delovanja do danes, poslalo na izobra\u017eevanje skupno 11 vodnikov od katerih so nekateri napredovali do naziva in\u0161truktorja. Na podro\u010dju urejanja planinskih poti smo iz\u0161olali 9 markacistov, pridobili pa smo tudi 2 gorska stra\u017earja.<\/strong><\/span><\/h6>\n<h6><span style=\"color: #000000;\"><strong> V zadnjih desetletjih se \u0161tevilo pohodni\u0161kih in drugih aktivnosti letno giblje okrog 40 akcij. \u0160tevilo \u010dlanov pa se giblje letno med 150 in 170 \u010dlanov. Za izvedbo izletov trenutno skrbi 7 registriranih vodnikov, za urejanje poti 8 markacistov, za varstvo narave pa 2 gorska stra\u017earja. V osnovni \u0161oli Maj\u0161perk se pohodni\u0161ke aktivnosti izvajajo v okviru planinske skupine. Pohode vodimo vodniki dru\u0161tva, za organizacijo le teh pa nam v \u0161oli pomaga mentor, ki je zaposlen na \u0161oli.&nbsp; Dru\u0161tvo je \u010dlan Planinske zveze Slovenije in v zvezi s tem nudi svojin \u010dlanom vse ugodnosti, ki jih nudi svojim \u010dlanom Planinska zveza.&nbsp; <\/strong><\/span><\/h6>\n<h6><span style=\"color: #000000;\"><strong>Vsa leta skrbimo za zanimiv izbor pohodov , ki je v ve\u010dini primeren skoraj za vse udele\u017eence in vabimo vse , ki si \u017eelijo prijetnega dru\u017eenja in varne hoje v naravi, da se nam pridru\u017eijo.<\/strong><\/span><\/h6>\n<h6><span style=\"color: #000000;\"><strong>Upravni odbor PD Maj\u0161perk<\/strong><\/span><\/h6>\n<h5 style=\"text-align: justify;\"><span style=\"color: #ffff00;\"><strong><span style=\"font-size: 14px;\"><span style=\"line-height: 1.5em;\">&nbsp;<\/span><\/span><\/strong><\/span><\/h5>\n<h5 class=\"dc\">&nbsp;<\/h5>\n<div style=\"overflow: hidden; height: 1px;\"><a href=\"https:\/\/slots-onlinecasinos.com\/at\/blog\/online-spielothek\/tizona\">tizona online<\/a><\/div>\n<div style=\"overflow: hidden; height: 1px;\"><a href=\"https:\/\/welcome-bonus-nodeposit.com\/\">welcome bonus casino<\/a><\/div>\n<div style=\"overflow: hidden; height: 1px;\"><a href=\"http:\/\/blackjack-royale.com\/\">online blackjack<\/a><\/div>\n<div style=\"overflow: hidden; height: 1px;\"><a href=\"https:\/\/spincity-games.com\/\">canadian online slots<\/a><\/div>\n","protected":false},"excerpt":{"rendered":"<p>Spo\u0161tovani obiskovalci na\u0161e spletne strani. V naslednjih vrsticah vam \u017eelimo na kratko predstaviti na\u0161e dru\u0161tvo. Prva desetletja delovanja so bila tesno povezana z tovarno, saj je bila ve\u010dina \u010dlanov v njej tudi zaposlena. Dru\u0161tvo je iz leta v leto pridobivalo nove \u010dlane in organiziralo ve\u010d zanimivih pohodov. Vseskozi je dru\u0161tvo delalo tudi z mladimi in organiziralo planinske \u0161ole. V sedemdesetih letih se je dru\u0161tvo odlo\u010dilo, da na jasi pod Dona\u010dko goro postavi manj\u0161e zaveti\u0161\u010de. Leseno zaveti\u0161\u010de je bilo zgrajeno v letu 1974, sama gradnja pa je v \u010dasih pomanjkanja materiala predstavljala poseben izziv. Material za ko\u010do so skoraj v celoti pridobili iz odpadne lesene embala\u017ee ve\u010djega tekstilnega stroja, ki ga je v tistem \u010dasu kupila tovarna. \u0160e ve\u010dji izziv pa je pomenil prenos materiala iz doline na jaso, saj v takratnem \u010dasu do gradbi\u0161\u010da ni bilo ceste, da bi lahko material prepeljali . Za zaveti\u0161\u010de skrbimo \u0161e danes, v zadnjih petih letih pa smo za zemlji\u0161\u010de uredili \u0161e lastni\u0161ko dokumentacijo in v okviru mo\u017enosti obnovili streho in leseni opa\u017e. Vseskozi tudi redno urejamo okolico zaveti\u0161\u010da in skrbimo za planinsko pot Stoperce \u2013 Rudijev dom. Dru\u0161tvo je v za\u010detku osemdesetih letih za potrebe varnega vodenja poslalo na izobra\u017eevanje prvi dve vodnici, v naslednjih desetletjih pa se je skrb za strokovne kadre nadaljevala. Dru\u0161tvo je v \u010dasu svojega delovanja do danes, poslalo na izobra\u017eevanje skupno 11 vodnikov od katerih so nekateri napredovali do naziva in\u0161truktorja. Na podro\u010dju urejanja planinskih poti smo iz\u0161olali 9 markacistov, pridobili pa smo tudi 2 gorska stra\u017earja. V zadnjih desetletjih se \u0161tevilo pohodni\u0161kih in drugih aktivnosti letno giblje okrog 40 akcij. \u0160tevilo \u010dlanov pa se giblje letno med 150 in 170 \u010dlanov. Za izvedbo izletov trenutno skrbi 7 registriranih vodnikov, za urejanje poti 8 markacistov, za varstvo narave pa 2 gorska stra\u017earja. V osnovni \u0161oli Maj\u0161perk se pohodni\u0161ke aktivnosti izvajajo v okviru planinske skupine. Pohode vodimo vodniki dru\u0161tva, za organizacijo le teh pa nam v \u0161oli pomaga mentor, ki je zaposlen na \u0161oli.&nbsp; Dru\u0161tvo je \u010dlan Planinske zveze Slovenije in v zvezi s tem nudi svojin \u010dlanom vse ugodnosti, ki jih nudi svojim \u010dlanom Planinska zveza.&nbsp; Vsa leta skrbimo za zanimiv izbor pohodov , ki je v ve\u010dini primeren skoraj za vse udele\u017eence in vabimo vse , ki si \u017eelijo prijetnega dru\u017eenja in varne hoje v naravi, da se nam pridru\u017eijo. Upravni odbor PD Maj\u0161perk &nbsp; &nbsp; tizona online welcome bonus casino online blackjack canadian online slots<\/p>\n","protected":false},"author":1,"featured_media":0,"parent":0,"menu_order":0,"comment_status":"closed","ping_status":"closed","template":"","meta":{"ngg_post_thumbnail":0},"_links":{"self":[{"href":"https:\/\/planinstvo.majsperk.si\/index.php?rest_route=\/wp\/v2\/pages\/44"}],"collection":[{"href":"https:\/\/planinstvo.majsperk.si\/index.php?rest_route=\/wp\/v2\/pages"}],"about":[{"href":"https:\/\/planinstvo.majsperk.si\/index.php?rest_route=\/wp\/v2\/types\/page"}],"author":[{"embeddable":true,"href":"https:\/\/planinstvo.majsperk.si\/index.php?rest_route=\/wp\/v2\/users\/1"}],"replies":[{"embeddable":true,"href":"https:\/\/planinstvo.majsperk.si\/index.php?rest_route=%2Fwp%2Fv2%2Fcomments&post=44"}],"version-history":[{"count":99,"href":"https:\/\/planinstvo.majsperk.si\/index.php?rest_route=\/wp\/v2\/pages\/44\/revisions"}],"predecessor-version":[{"id":31019,"href":"https:\/\/planinstvo.majsperk.si\/index.php?rest_route=\/wp\/v2\/pages\/44\/revisions\/31019"}],"wp:attachment":[{"href":"https:\/\/planinstvo.majsperk.si\/index.php?rest_route=%2Fwp%2Fv2%2Fmedia&parent=44"}],"curies":[{"name":"wp","href":"https:\/\/api.w.org\/{rel}","templated":true}]}}