{"id":96353,"date":"2022-05-28T18:23:39","date_gmt":"2022-05-28T16:23:39","guid":{"rendered":"https:\/\/planinstvo.majsperk.si\/?page_id=96353"},"modified":"2022-05-28T18:23:39","modified_gmt":"2022-05-28T16:23:39","slug":"ceska-koca_21-5-2022","status":"publish","type":"page","link":"https:\/\/planinstvo.majsperk.si\/?page_id=96353","title":{"rendered":"\u010ce\u0161ka ko\u010da_21.5.2022"},"content":{"rendered":"\n<!-- index.php -->\n<div\n\tclass=\"ngg-galleryoverview ngg-ajax-pagination-none\"\n\tid=\"ngg-gallery-0ac1ea9656a53517680e996e4de4b196-1\">\n\n    \t\t<!-- Thumbnails -->\n\t\t\t\t<div id=\"ngg-image-0\" class=\"ngg-gallery-thumbnail-box\" >\n\t\t\t\t        <div class=\"ngg-gallery-thumbnail\">\n            <a href=\"https:\/\/planinstvo.majsperk.si\/wp-content\/gallery\/ceska-koca_21-5-2022\/10000-1-1.jpg\"\n               title=\"\"\n               data-src=\"https:\/\/planinstvo.majsperk.si\/wp-content\/gallery\/ceska-koca_21-5-2022\/10000-1-1.jpg\"\n               data-thumbnail=\"https:\/\/planinstvo.majsperk.si\/wp-content\/gallery\/ceska-koca_21-5-2022\/thumbs\/thumbs_10000-1-1.jpg\"\n               data-image-id=\"11420\"\n               data-title=\"10000-1-1\"\n               data-description=\"\"\n               data-image-slug=\"10000-1-1-1\"\n               class=\"ngg-fancybox\" rel=\"0ac1ea9656a53517680e996e4de4b196\">\n                <img\n                    title=\"10000-1-1\"\n                    alt=\"10000-1-1\"\n                    src=\"https:\/\/planinstvo.majsperk.si\/wp-content\/gallery\/ceska-koca_21-5-2022\/thumbs\/thumbs_10000-1-1.jpg\"\n                    width=\"120\"\n                    height=\"90\"\n                    style=\"max-width:100%;\"\n                \/>\n            <\/a>\n        <\/div>\n\t\t\t\t\t\t\t<\/div> \n\t\t\t\n        \n\t\t\t\t<div id=\"ngg-image-1\" class=\"ngg-gallery-thumbnail-box\" >\n\t\t\t\t        <div class=\"ngg-gallery-thumbnail\">\n            <a href=\"https:\/\/planinstvo.majsperk.si\/wp-content\/gallery\/ceska-koca_21-5-2022\/10000-2-1.jpg\"\n               title=\"\"\n               data-src=\"https:\/\/planinstvo.majsperk.si\/wp-content\/gallery\/ceska-koca_21-5-2022\/10000-2-1.jpg\"\n               data-thumbnail=\"https:\/\/planinstvo.majsperk.si\/wp-content\/gallery\/ceska-koca_21-5-2022\/thumbs\/thumbs_10000-2-1.jpg\"\n               data-image-id=\"11419\"\n               data-title=\"10000-2-1\"\n               data-description=\"\"\n               data-image-slug=\"10000-2-1-1\"\n               class=\"ngg-fancybox\" rel=\"0ac1ea9656a53517680e996e4de4b196\">\n                <img\n                    title=\"10000-2-1\"\n                    alt=\"10000-2-1\"\n                    src=\"https:\/\/planinstvo.majsperk.si\/wp-content\/gallery\/ceska-koca_21-5-2022\/thumbs\/thumbs_10000-2-1.jpg\"\n                    width=\"120\"\n                    height=\"90\"\n                    style=\"max-width:100%;\"\n                \/>\n            <\/a>\n        <\/div>\n\t\t\t\t\t\t\t<\/div> \n\t\t\t\n        \n\t\t\t\t<div id=\"ngg-image-2\" class=\"ngg-gallery-thumbnail-box\" >\n\t\t\t\t        <div class=\"ngg-gallery-thumbnail\">\n            <a href=\"https:\/\/planinstvo.majsperk.si\/wp-content\/gallery\/ceska-koca_21-5-2022\/10000-3-1.jpg\"\n               title=\"\"\n               data-src=\"https:\/\/planinstvo.majsperk.si\/wp-content\/gallery\/ceska-koca_21-5-2022\/10000-3-1.jpg\"\n               data-thumbnail=\"https:\/\/planinstvo.majsperk.si\/wp-content\/gallery\/ceska-koca_21-5-2022\/thumbs\/thumbs_10000-3-1.jpg\"\n               data-image-id=\"11418\"\n               data-title=\"10000-3-1\"\n               data-description=\"\"\n               data-image-slug=\"10000-3-1-1\"\n               class=\"ngg-fancybox\" rel=\"0ac1ea9656a53517680e996e4de4b196\">\n                <img\n                    title=\"10000-3-1\"\n                    alt=\"10000-3-1\"\n                    src=\"https:\/\/planinstvo.majsperk.si\/wp-content\/gallery\/ceska-koca_21-5-2022\/thumbs\/thumbs_10000-3-1.jpg\"\n                    width=\"120\"\n                    height=\"90\"\n                    style=\"max-width:100%;\"\n                \/>\n            <\/a>\n        <\/div>\n\t\t\t\t\t\t\t<\/div> \n\t\t\t\n        \n\t\t\t\t<div id=\"ngg-image-3\" class=\"ngg-gallery-thumbnail-box\" >\n\t\t\t\t        <div class=\"ngg-gallery-thumbnail\">\n            <a href=\"https:\/\/planinstvo.majsperk.si\/wp-content\/gallery\/ceska-koca_21-5-2022\/10000-4-1.jpg\"\n               title=\"\"\n               data-src=\"https:\/\/planinstvo.majsperk.si\/wp-content\/gallery\/ceska-koca_21-5-2022\/10000-4-1.jpg\"\n               data-thumbnail=\"https:\/\/planinstvo.majsperk.si\/wp-content\/gallery\/ceska-koca_21-5-2022\/thumbs\/thumbs_10000-4-1.jpg\"\n               data-image-id=\"11417\"\n               data-title=\"10000-4-1\"\n               data-description=\"\"\n               data-image-slug=\"10000-4-1-1\"\n               class=\"ngg-fancybox\" rel=\"0ac1ea9656a53517680e996e4de4b196\">\n                <img\n                    title=\"10000-4-1\"\n                    alt=\"10000-4-1\"\n                    src=\"https:\/\/planinstvo.majsperk.si\/wp-content\/gallery\/ceska-koca_21-5-2022\/thumbs\/thumbs_10000-4-1.jpg\"\n                    width=\"120\"\n                    height=\"90\"\n                    style=\"max-width:100%;\"\n                \/>\n            <\/a>\n        <\/div>\n\t\t\t\t\t\t\t<\/div> \n\t\t\t\n        \n\t\t\t\t<div id=\"ngg-image-4\" class=\"ngg-gallery-thumbnail-box\" >\n\t\t\t\t        <div class=\"ngg-gallery-thumbnail\">\n            <a href=\"https:\/\/planinstvo.majsperk.si\/wp-content\/gallery\/ceska-koca_21-5-2022\/10000-5-1.jpg\"\n               title=\"\"\n               data-src=\"https:\/\/planinstvo.majsperk.si\/wp-content\/gallery\/ceska-koca_21-5-2022\/10000-5-1.jpg\"\n               data-thumbnail=\"https:\/\/planinstvo.majsperk.si\/wp-content\/gallery\/ceska-koca_21-5-2022\/thumbs\/thumbs_10000-5-1.jpg\"\n               data-image-id=\"11416\"\n               data-title=\"10000-5-1\"\n               data-description=\"\"\n               data-image-slug=\"10000-5-1-1\"\n               class=\"ngg-fancybox\" rel=\"0ac1ea9656a53517680e996e4de4b196\">\n                <img\n                    title=\"10000-5-1\"\n                    alt=\"10000-5-1\"\n                    src=\"https:\/\/planinstvo.majsperk.si\/wp-content\/gallery\/ceska-koca_21-5-2022\/thumbs\/thumbs_10000-5-1.jpg\"\n                    width=\"120\"\n                    height=\"90\"\n                    style=\"max-width:100%;\"\n                \/>\n            <\/a>\n        <\/div>\n\t\t\t\t\t\t\t<\/div> \n\t\t\t\n        \n\t\t\t\t<div id=\"ngg-image-5\" class=\"ngg-gallery-thumbnail-box\" >\n\t\t\t\t        <div class=\"ngg-gallery-thumbnail\">\n            <a href=\"https:\/\/planinstvo.majsperk.si\/wp-content\/gallery\/ceska-koca_21-5-2022\/10000-6-1.jpg\"\n               title=\"\"\n               data-src=\"https:\/\/planinstvo.majsperk.si\/wp-content\/gallery\/ceska-koca_21-5-2022\/10000-6-1.jpg\"\n               data-thumbnail=\"https:\/\/planinstvo.majsperk.si\/wp-content\/gallery\/ceska-koca_21-5-2022\/thumbs\/thumbs_10000-6-1.jpg\"\n               data-image-id=\"11415\"\n               data-title=\"10000-6-1\"\n               data-description=\"\"\n               data-image-slug=\"10000-6-1-1\"\n               class=\"ngg-fancybox\" rel=\"0ac1ea9656a53517680e996e4de4b196\">\n                <img\n                    title=\"10000-6-1\"\n                    alt=\"10000-6-1\"\n                    src=\"https:\/\/planinstvo.majsperk.si\/wp-content\/gallery\/ceska-koca_21-5-2022\/thumbs\/thumbs_10000-6-1.jpg\"\n                    width=\"120\"\n                    height=\"90\"\n                    style=\"max-width:100%;\"\n                \/>\n            <\/a>\n        <\/div>\n\t\t\t\t\t\t\t<\/div> \n\t\t\t\n        \n\t\t\t\t<div id=\"ngg-image-6\" class=\"ngg-gallery-thumbnail-box\" >\n\t\t\t\t        <div class=\"ngg-gallery-thumbnail\">\n            <a href=\"https:\/\/planinstvo.majsperk.si\/wp-content\/gallery\/ceska-koca_21-5-2022\/10000-7-1.jpg\"\n               title=\"\"\n               data-src=\"https:\/\/planinstvo.majsperk.si\/wp-content\/gallery\/ceska-koca_21-5-2022\/10000-7-1.jpg\"\n               data-thumbnail=\"https:\/\/planinstvo.majsperk.si\/wp-content\/gallery\/ceska-koca_21-5-2022\/thumbs\/thumbs_10000-7-1.jpg\"\n               data-image-id=\"11414\"\n               data-title=\"10000-7-1\"\n               data-description=\"\"\n               data-image-slug=\"10000-7-1-1\"\n               class=\"ngg-fancybox\" rel=\"0ac1ea9656a53517680e996e4de4b196\">\n                <img\n                    title=\"10000-7-1\"\n                    alt=\"10000-7-1\"\n                    src=\"https:\/\/planinstvo.majsperk.si\/wp-content\/gallery\/ceska-koca_21-5-2022\/thumbs\/thumbs_10000-7-1.jpg\"\n                    width=\"120\"\n                    height=\"90\"\n                    style=\"max-width:100%;\"\n                \/>\n            <\/a>\n        <\/div>\n\t\t\t\t\t\t\t<\/div> \n\t\t\t\n        \n\t\t\t\t<div id=\"ngg-image-7\" class=\"ngg-gallery-thumbnail-box\" >\n\t\t\t\t        <div class=\"ngg-gallery-thumbnail\">\n            <a href=\"https:\/\/planinstvo.majsperk.si\/wp-content\/gallery\/ceska-koca_21-5-2022\/10000-8-1.jpg\"\n               title=\"\"\n               data-src=\"https:\/\/planinstvo.majsperk.si\/wp-content\/gallery\/ceska-koca_21-5-2022\/10000-8-1.jpg\"\n               data-thumbnail=\"https:\/\/planinstvo.majsperk.si\/wp-content\/gallery\/ceska-koca_21-5-2022\/thumbs\/thumbs_10000-8-1.jpg\"\n               data-image-id=\"11413\"\n               data-title=\"10000-8-1\"\n               data-description=\"\"\n               data-image-slug=\"10000-8-1-1\"\n               class=\"ngg-fancybox\" rel=\"0ac1ea9656a53517680e996e4de4b196\">\n                <img\n                    title=\"10000-8-1\"\n                    alt=\"10000-8-1\"\n                    src=\"https:\/\/planinstvo.majsperk.si\/wp-content\/gallery\/ceska-koca_21-5-2022\/thumbs\/thumbs_10000-8-1.jpg\"\n                    width=\"120\"\n                    height=\"90\"\n                    style=\"max-width:100%;\"\n                \/>\n            <\/a>\n        <\/div>\n\t\t\t\t\t\t\t<\/div> \n\t\t\t\n        \n\t\t\t\t<div id=\"ngg-image-8\" class=\"ngg-gallery-thumbnail-box\" >\n\t\t\t\t        <div class=\"ngg-gallery-thumbnail\">\n            <a href=\"https:\/\/planinstvo.majsperk.si\/wp-content\/gallery\/ceska-koca_21-5-2022\/10000-9-1.jpg\"\n               title=\"\"\n               data-src=\"https:\/\/planinstvo.majsperk.si\/wp-content\/gallery\/ceska-koca_21-5-2022\/10000-9-1.jpg\"\n               data-thumbnail=\"https:\/\/planinstvo.majsperk.si\/wp-content\/gallery\/ceska-koca_21-5-2022\/thumbs\/thumbs_10000-9-1.jpg\"\n               data-image-id=\"11412\"\n               data-title=\"10000-9-1\"\n               data-description=\"\"\n               data-image-slug=\"10000-9-1-1\"\n               class=\"ngg-fancybox\" rel=\"0ac1ea9656a53517680e996e4de4b196\">\n                <img\n                    title=\"10000-9-1\"\n                    alt=\"10000-9-1\"\n                    src=\"https:\/\/planinstvo.majsperk.si\/wp-content\/gallery\/ceska-koca_21-5-2022\/thumbs\/thumbs_10000-9-1.jpg\"\n                    width=\"120\"\n                    height=\"90\"\n                    style=\"max-width:100%;\"\n                \/>\n            <\/a>\n        <\/div>\n\t\t\t\t\t\t\t<\/div> \n\t\t\t\n        \n\t\t\t\t<div id=\"ngg-image-9\" class=\"ngg-gallery-thumbnail-box\" >\n\t\t\t\t        <div class=\"ngg-gallery-thumbnail\">\n            <a href=\"https:\/\/planinstvo.majsperk.si\/wp-content\/gallery\/ceska-koca_21-5-2022\/10000-11-1.jpg\"\n               title=\"\"\n               data-src=\"https:\/\/planinstvo.majsperk.si\/wp-content\/gallery\/ceska-koca_21-5-2022\/10000-11-1.jpg\"\n               data-thumbnail=\"https:\/\/planinstvo.majsperk.si\/wp-content\/gallery\/ceska-koca_21-5-2022\/thumbs\/thumbs_10000-11-1.jpg\"\n               data-image-id=\"11410\"\n               data-title=\"10000-11-1\"\n               data-description=\"\"\n               data-image-slug=\"10000-11-1-1\"\n               class=\"ngg-fancybox\" rel=\"0ac1ea9656a53517680e996e4de4b196\">\n                <img\n                    title=\"10000-11-1\"\n                    alt=\"10000-11-1\"\n                    src=\"https:\/\/planinstvo.majsperk.si\/wp-content\/gallery\/ceska-koca_21-5-2022\/thumbs\/thumbs_10000-11-1.jpg\"\n                    width=\"120\"\n                    height=\"90\"\n                    style=\"max-width:100%;\"\n                \/>\n            <\/a>\n        <\/div>\n\t\t\t\t\t\t\t<\/div> \n\t\t\t\n        \n\t\t\t\t<div id=\"ngg-image-10\" class=\"ngg-gallery-thumbnail-box\" >\n\t\t\t\t        <div class=\"ngg-gallery-thumbnail\">\n            <a href=\"https:\/\/planinstvo.majsperk.si\/wp-content\/gallery\/ceska-koca_21-5-2022\/10000-10-1.jpg\"\n               title=\"\"\n               data-src=\"https:\/\/planinstvo.majsperk.si\/wp-content\/gallery\/ceska-koca_21-5-2022\/10000-10-1.jpg\"\n               data-thumbnail=\"https:\/\/planinstvo.majsperk.si\/wp-content\/gallery\/ceska-koca_21-5-2022\/thumbs\/thumbs_10000-10-1.jpg\"\n               data-image-id=\"11411\"\n               data-title=\"10000-10-1\"\n               data-description=\"\"\n               data-image-slug=\"10000-10-1-1\"\n               class=\"ngg-fancybox\" rel=\"0ac1ea9656a53517680e996e4de4b196\">\n                <img\n                    title=\"10000-10-1\"\n                    alt=\"10000-10-1\"\n                    src=\"https:\/\/planinstvo.majsperk.si\/wp-content\/gallery\/ceska-koca_21-5-2022\/thumbs\/thumbs_10000-10-1.jpg\"\n                    width=\"120\"\n                    height=\"90\"\n                    style=\"max-width:100%;\"\n                \/>\n            <\/a>\n        <\/div>\n\t\t\t\t\t\t\t<\/div> \n\t\t\t\n        \n\t\t\t\t<div id=\"ngg-image-11\" class=\"ngg-gallery-thumbnail-box\" >\n\t\t\t\t        <div class=\"ngg-gallery-thumbnail\">\n            <a href=\"https:\/\/planinstvo.majsperk.si\/wp-content\/gallery\/ceska-koca_21-5-2022\/10000-12-1.jpg\"\n               title=\"\"\n               data-src=\"https:\/\/planinstvo.majsperk.si\/wp-content\/gallery\/ceska-koca_21-5-2022\/10000-12-1.jpg\"\n               data-thumbnail=\"https:\/\/planinstvo.majsperk.si\/wp-content\/gallery\/ceska-koca_21-5-2022\/thumbs\/thumbs_10000-12-1.jpg\"\n               data-image-id=\"11409\"\n               data-title=\"10000-12-1\"\n               data-description=\"\"\n               data-image-slug=\"10000-12-1-1\"\n               class=\"ngg-fancybox\" rel=\"0ac1ea9656a53517680e996e4de4b196\">\n                <img\n                    title=\"10000-12-1\"\n                    alt=\"10000-12-1\"\n                    src=\"https:\/\/planinstvo.majsperk.si\/wp-content\/gallery\/ceska-koca_21-5-2022\/thumbs\/thumbs_10000-12-1.jpg\"\n                    width=\"120\"\n                    height=\"90\"\n                    style=\"max-width:100%;\"\n                \/>\n            <\/a>\n        <\/div>\n\t\t\t\t\t\t\t<\/div> \n\t\t\t\n        \n\t\t\t\t<div id=\"ngg-image-12\" class=\"ngg-gallery-thumbnail-box\" >\n\t\t\t\t        <div class=\"ngg-gallery-thumbnail\">\n            <a href=\"https:\/\/planinstvo.majsperk.si\/wp-content\/gallery\/ceska-koca_21-5-2022\/10000-13-1.jpg\"\n               title=\"\"\n               data-src=\"https:\/\/planinstvo.majsperk.si\/wp-content\/gallery\/ceska-koca_21-5-2022\/10000-13-1.jpg\"\n               data-thumbnail=\"https:\/\/planinstvo.majsperk.si\/wp-content\/gallery\/ceska-koca_21-5-2022\/thumbs\/thumbs_10000-13-1.jpg\"\n               data-image-id=\"11408\"\n               data-title=\"10000-13-1\"\n               data-description=\"\"\n               data-image-slug=\"10000-13-1-1\"\n               class=\"ngg-fancybox\" rel=\"0ac1ea9656a53517680e996e4de4b196\">\n                <img\n                    title=\"10000-13-1\"\n                    alt=\"10000-13-1\"\n                    src=\"https:\/\/planinstvo.majsperk.si\/wp-content\/gallery\/ceska-koca_21-5-2022\/thumbs\/thumbs_10000-13-1.jpg\"\n                    width=\"120\"\n                    height=\"90\"\n                    style=\"max-width:100%;\"\n                \/>\n            <\/a>\n        <\/div>\n\t\t\t\t\t\t\t<\/div> \n\t\t\t\n        \n\t\t\t\t<div id=\"ngg-image-13\" class=\"ngg-gallery-thumbnail-box\" >\n\t\t\t\t        <div class=\"ngg-gallery-thumbnail\">\n            <a href=\"https:\/\/planinstvo.majsperk.si\/wp-content\/gallery\/ceska-koca_21-5-2022\/10000-20-1.jpg\"\n               title=\"\"\n               data-src=\"https:\/\/planinstvo.majsperk.si\/wp-content\/gallery\/ceska-koca_21-5-2022\/10000-20-1.jpg\"\n               data-thumbnail=\"https:\/\/planinstvo.majsperk.si\/wp-content\/gallery\/ceska-koca_21-5-2022\/thumbs\/thumbs_10000-20-1.jpg\"\n               data-image-id=\"11401\"\n               data-title=\"10000-20-1\"\n               data-description=\"\"\n               data-image-slug=\"10000-20-1-1\"\n               class=\"ngg-fancybox\" rel=\"0ac1ea9656a53517680e996e4de4b196\">\n                <img\n                    title=\"10000-20-1\"\n                    alt=\"10000-20-1\"\n                    src=\"https:\/\/planinstvo.majsperk.si\/wp-content\/gallery\/ceska-koca_21-5-2022\/thumbs\/thumbs_10000-20-1.jpg\"\n                    width=\"120\"\n                    height=\"90\"\n                    style=\"max-width:100%;\"\n                \/>\n            <\/a>\n        <\/div>\n\t\t\t\t\t\t\t<\/div> \n\t\t\t\n        \n\t\t\t\t<div id=\"ngg-image-14\" class=\"ngg-gallery-thumbnail-box\" >\n\t\t\t\t        <div class=\"ngg-gallery-thumbnail\">\n            <a href=\"https:\/\/planinstvo.majsperk.si\/wp-content\/gallery\/ceska-koca_21-5-2022\/10000-14-1.jpg\"\n               title=\"\"\n               data-src=\"https:\/\/planinstvo.majsperk.si\/wp-content\/gallery\/ceska-koca_21-5-2022\/10000-14-1.jpg\"\n               data-thumbnail=\"https:\/\/planinstvo.majsperk.si\/wp-content\/gallery\/ceska-koca_21-5-2022\/thumbs\/thumbs_10000-14-1.jpg\"\n               data-image-id=\"11407\"\n               data-title=\"10000-14-1\"\n               data-description=\"\"\n               data-image-slug=\"10000-14-1-1\"\n               class=\"ngg-fancybox\" rel=\"0ac1ea9656a53517680e996e4de4b196\">\n                <img\n                    title=\"10000-14-1\"\n                    alt=\"10000-14-1\"\n                    src=\"https:\/\/planinstvo.majsperk.si\/wp-content\/gallery\/ceska-koca_21-5-2022\/thumbs\/thumbs_10000-14-1.jpg\"\n                    width=\"120\"\n                    height=\"90\"\n                    style=\"max-width:100%;\"\n                \/>\n            <\/a>\n        <\/div>\n\t\t\t\t\t\t\t<\/div> \n\t\t\t\n        \n\t\t\t\t<div id=\"ngg-image-15\" class=\"ngg-gallery-thumbnail-box\" >\n\t\t\t\t        <div class=\"ngg-gallery-thumbnail\">\n            <a href=\"https:\/\/planinstvo.majsperk.si\/wp-content\/gallery\/ceska-koca_21-5-2022\/10000-15-1.jpg\"\n               title=\"\"\n               data-src=\"https:\/\/planinstvo.majsperk.si\/wp-content\/gallery\/ceska-koca_21-5-2022\/10000-15-1.jpg\"\n               data-thumbnail=\"https:\/\/planinstvo.majsperk.si\/wp-content\/gallery\/ceska-koca_21-5-2022\/thumbs\/thumbs_10000-15-1.jpg\"\n               data-image-id=\"11406\"\n               data-title=\"10000-15-1\"\n               data-description=\"\"\n               data-image-slug=\"10000-15-1-1\"\n               class=\"ngg-fancybox\" rel=\"0ac1ea9656a53517680e996e4de4b196\">\n                <img\n                    title=\"10000-15-1\"\n                    alt=\"10000-15-1\"\n                    src=\"https:\/\/planinstvo.majsperk.si\/wp-content\/gallery\/ceska-koca_21-5-2022\/thumbs\/thumbs_10000-15-1.jpg\"\n                    width=\"120\"\n                    height=\"90\"\n                    style=\"max-width:100%;\"\n                \/>\n            <\/a>\n        <\/div>\n\t\t\t\t\t\t\t<\/div> \n\t\t\t\n        \n\t\t\t\t<div id=\"ngg-image-16\" class=\"ngg-gallery-thumbnail-box\" >\n\t\t\t\t        <div class=\"ngg-gallery-thumbnail\">\n            <a href=\"https:\/\/planinstvo.majsperk.si\/wp-content\/gallery\/ceska-koca_21-5-2022\/10000-16-1.jpg\"\n               title=\"\"\n               data-src=\"https:\/\/planinstvo.majsperk.si\/wp-content\/gallery\/ceska-koca_21-5-2022\/10000-16-1.jpg\"\n               data-thumbnail=\"https:\/\/planinstvo.majsperk.si\/wp-content\/gallery\/ceska-koca_21-5-2022\/thumbs\/thumbs_10000-16-1.jpg\"\n               data-image-id=\"11405\"\n               data-title=\"10000-16-1\"\n               data-description=\"\"\n               data-image-slug=\"10000-16-1-1\"\n               class=\"ngg-fancybox\" rel=\"0ac1ea9656a53517680e996e4de4b196\">\n                <img\n                    title=\"10000-16-1\"\n                    alt=\"10000-16-1\"\n                    src=\"https:\/\/planinstvo.majsperk.si\/wp-content\/gallery\/ceska-koca_21-5-2022\/thumbs\/thumbs_10000-16-1.jpg\"\n                    width=\"120\"\n                    height=\"90\"\n                    style=\"max-width:100%;\"\n                \/>\n            <\/a>\n        <\/div>\n\t\t\t\t\t\t\t<\/div> \n\t\t\t\n        \n\t\t\t\t<div id=\"ngg-image-17\" class=\"ngg-gallery-thumbnail-box\" >\n\t\t\t\t        <div class=\"ngg-gallery-thumbnail\">\n            <a href=\"https:\/\/planinstvo.majsperk.si\/wp-content\/gallery\/ceska-koca_21-5-2022\/10000-24-1.jpg\"\n               title=\"\"\n               data-src=\"https:\/\/planinstvo.majsperk.si\/wp-content\/gallery\/ceska-koca_21-5-2022\/10000-24-1.jpg\"\n               data-thumbnail=\"https:\/\/planinstvo.majsperk.si\/wp-content\/gallery\/ceska-koca_21-5-2022\/thumbs\/thumbs_10000-24-1.jpg\"\n               data-image-id=\"11397\"\n               data-title=\"10000-24-1\"\n               data-description=\"\"\n               data-image-slug=\"10000-24-1-1\"\n               class=\"ngg-fancybox\" rel=\"0ac1ea9656a53517680e996e4de4b196\">\n                <img\n                    title=\"10000-24-1\"\n                    alt=\"10000-24-1\"\n                    src=\"https:\/\/planinstvo.majsperk.si\/wp-content\/gallery\/ceska-koca_21-5-2022\/thumbs\/thumbs_10000-24-1.jpg\"\n                    width=\"120\"\n                    height=\"90\"\n                    style=\"max-width:100%;\"\n                \/>\n            <\/a>\n        <\/div>\n\t\t\t\t\t\t\t<\/div> \n\t\t\t\n        \n\t\t\t\t<div id=\"ngg-image-18\" class=\"ngg-gallery-thumbnail-box\" >\n\t\t\t\t        <div class=\"ngg-gallery-thumbnail\">\n            <a href=\"https:\/\/planinstvo.majsperk.si\/wp-content\/gallery\/ceska-koca_21-5-2022\/10000-25-1.jpg\"\n               title=\"\"\n               data-src=\"https:\/\/planinstvo.majsperk.si\/wp-content\/gallery\/ceska-koca_21-5-2022\/10000-25-1.jpg\"\n               data-thumbnail=\"https:\/\/planinstvo.majsperk.si\/wp-content\/gallery\/ceska-koca_21-5-2022\/thumbs\/thumbs_10000-25-1.jpg\"\n               data-image-id=\"11396\"\n               data-title=\"10000-25-1\"\n               data-description=\"\"\n               data-image-slug=\"10000-25-1-1\"\n               class=\"ngg-fancybox\" rel=\"0ac1ea9656a53517680e996e4de4b196\">\n                <img\n                    title=\"10000-25-1\"\n                    alt=\"10000-25-1\"\n                    src=\"https:\/\/planinstvo.majsperk.si\/wp-content\/gallery\/ceska-koca_21-5-2022\/thumbs\/thumbs_10000-25-1.jpg\"\n                    width=\"120\"\n                    height=\"90\"\n                    style=\"max-width:100%;\"\n                \/>\n            <\/a>\n        <\/div>\n\t\t\t\t\t\t\t<\/div> \n\t\t\t\n        \n\t\t\t\t<div id=\"ngg-image-19\" class=\"ngg-gallery-thumbnail-box\" >\n\t\t\t\t        <div class=\"ngg-gallery-thumbnail\">\n            <a href=\"https:\/\/planinstvo.majsperk.si\/wp-content\/gallery\/ceska-koca_21-5-2022\/10000-17-1.jpg\"\n               title=\"\"\n               data-src=\"https:\/\/planinstvo.majsperk.si\/wp-content\/gallery\/ceska-koca_21-5-2022\/10000-17-1.jpg\"\n               data-thumbnail=\"https:\/\/planinstvo.majsperk.si\/wp-content\/gallery\/ceska-koca_21-5-2022\/thumbs\/thumbs_10000-17-1.jpg\"\n               data-image-id=\"11404\"\n               data-title=\"10000-17-1\"\n               data-description=\"\"\n               data-image-slug=\"10000-17-1-1\"\n               class=\"ngg-fancybox\" rel=\"0ac1ea9656a53517680e996e4de4b196\">\n                <img\n                    title=\"10000-17-1\"\n                    alt=\"10000-17-1\"\n                    src=\"https:\/\/planinstvo.majsperk.si\/wp-content\/gallery\/ceska-koca_21-5-2022\/thumbs\/thumbs_10000-17-1.jpg\"\n                    width=\"120\"\n                    height=\"90\"\n                    style=\"max-width:100%;\"\n                \/>\n            <\/a>\n        <\/div>\n\t\t\t\t\t\t\t<\/div> \n\t\t\t\n        \n\t\t\n\t\t<!-- Pagination -->\n\t<div class='ngg-navigation'><span class='current'>1<\/span>\n<a class='page-numbers' data-pageid='2' href='https:\/\/planinstvo.majsperk.si\/index.php\/nggallery\/page\/2?page_id=96353'>2<\/a>\n<a class='page-numbers' data-pageid='3' href='https:\/\/planinstvo.majsperk.si\/index.php\/nggallery\/page\/3?page_id=96353'>3<\/a>\n<a class='prev' href='https:\/\/planinstvo.majsperk.si\/index.php\/nggallery\/page\/2?page_id=96353' data-pageid=2>&#9658;<\/a><\/div>\t<\/div>\n\n","protected":false},"excerpt":{"rendered":"","protected":false},"author":1,"featured_media":0,"parent":0,"menu_order":0,"comment_status":"closed","ping_status":"closed","template":"","meta":{"ngg_post_thumbnail":0},"_links":{"self":[{"href":"https:\/\/planinstvo.majsperk.si\/index.php?rest_route=\/wp\/v2\/pages\/96353"}],"collection":[{"href":"https:\/\/planinstvo.majsperk.si\/index.php?rest_route=\/wp\/v2\/pages"}],"about":[{"href":"https:\/\/planinstvo.majsperk.si\/index.php?rest_route=\/wp\/v2\/types\/page"}],"author":[{"embeddable":true,"href":"https:\/\/planinstvo.majsperk.si\/index.php?rest_route=\/wp\/v2\/users\/1"}],"replies":[{"embeddable":true,"href":"https:\/\/planinstvo.majsperk.si\/index.php?rest_route=%2Fwp%2Fv2%2Fcomments&post=96353"}],"version-history":[{"count":1,"href":"https:\/\/planinstvo.majsperk.si\/index.php?rest_route=\/wp\/v2\/pages\/96353\/revisions"}],"predecessor-version":[{"id":96354,"href":"https:\/\/planinstvo.majsperk.si\/index.php?rest_route=\/wp\/v2\/pages\/96353\/revisions\/96354"}],"wp:attachment":[{"href":"https:\/\/planinstvo.majsperk.si\/index.php?rest_route=%2Fwp%2Fv2%2Fmedia&parent=96353"}],"curies":[{"name":"wp","href":"https:\/\/api.w.org\/{rel}","templated":true}]}}